{"id":342,"date":"2023-11-15T10:46:36","date_gmt":"2023-11-15T09:46:36","guid":{"rendered":"https:\/\/mailexperts.de\/?page_id=342"},"modified":"2023-11-23T10:18:58","modified_gmt":"2023-11-23T09:18:58","slug":"responsive-design","status":"publish","type":"page","link":"https:\/\/mailexperts.de\/en\/responsive-design\/","title":{"rendered":"Responsive Design"},"content":{"rendered":"<style>.kb-row-layout-id342_54599d-43 > .kt-row-column-wrap{align-content:center;}:where(.kb-row-layout-id342_54599d-43 > .kt-row-column-wrap) > .wp-block-kadence-column{justify-content:center;}.kb-row-layout-id342_54599d-43 > .kt-row-column-wrap{column-gap:var(--global-kb-gap-lg, 4rem);row-gap:var(--global-kb-gap-md, 2rem);max-width:var( --global-content-width, 1320px );padding-left:var(--global-content-edge-padding);padding-right:var(--global-content-edge-padding);padding-top:var(--global-kb-spacing-sm, 1.5rem);padding-bottom:var(--global-kb-spacing-3xl, 6.5rem);grid-template-columns:minmax(0, calc(45% - ((var(--global-kb-gap-lg, 4rem) * 1 )\/2)))minmax(0, calc(55% - ((var(--global-kb-gap-lg, 4rem) * 1 )\/2)));}.kb-row-layout-id342_54599d-43{background-image:url('https:\/\/mailexperts.de\/wp-content\/uploads\/home09_vawe-bg3.png');background-size:cover;background-position:center center;background-attachment:scroll;background-repeat:no-repeat;}.kb-row-layout-id342_54599d-43 > .kt-row-layout-overlay{opacity:0.30;}@media all and (max-width: 1024px){.kb-row-layout-id342_54599d-43 > .kt-row-column-wrap{grid-template-columns:repeat(2, minmax(0, 1fr));}}@media all and (max-width: 767px){.kb-row-layout-id342_54599d-43 > .kt-row-column-wrap{padding-bottom:var(--global-kb-spacing-xxl, 5rem);grid-template-columns:minmax(0, 1fr);}.kb-row-layout-id342_54599d-43 > .kt-row-column-wrap > .wp-block-kadence-column:nth-child(1 of *:not(style)){order:2;}.kb-row-layout-id342_54599d-43 > .kt-row-column-wrap > .wp-block-kadence-column:nth-child(2 of *:not(style)){order:1;}.kb-row-layout-id342_54599d-43 > .kt-row-column-wrap > .wp-block-kadence-column:nth-child(3 of *:not(style)){order:12;}.kb-row-layout-id342_54599d-43 > .kt-row-column-wrap > .wp-block-kadence-column:nth-child(4 of *:not(style)){order:11;}.kb-row-layout-id342_54599d-43 > .kt-row-column-wrap > .wp-block-kadence-column:nth-child(5 of *:not(style)){order:22;}.kb-row-layout-id342_54599d-43 > .kt-row-column-wrap > .wp-block-kadence-column:nth-child(6 of *:not(style)){order:21;}.kb-row-layout-id342_54599d-43 > .kt-row-column-wrap > .wp-block-kadence-column:nth-child(7 of *:not(style)){order:32;}.kb-row-layout-id342_54599d-43 > .kt-row-column-wrap > .wp-block-kadence-column:nth-child(8 of *:not(style)){order:31;}}<\/style><div class=\"kb-row-layout-wrap kb-row-layout-id342_54599d-43 alignfull kt-row-has-bg wp-block-kadence-rowlayout\"><div class=\"kt-row-column-wrap kt-has-2-columns kt-row-layout-equal kt-tab-layout-inherit kt-mobile-layout-row kt-row-valign-middle kb-theme-content-width\">\n<style>.kadence-column342_b6dada-b0 > .kt-inside-inner-col,.kadence-column342_b6dada-b0 > .kt-inside-inner-col:before{border-top-left-radius:0px;border-top-right-radius:0px;border-bottom-right-radius:0px;border-bottom-left-radius:0px;}.kadence-column342_b6dada-b0 > .kt-inside-inner-col{column-gap:var(--global-kb-gap-sm, 1rem);}.kadence-column342_b6dada-b0 > .kt-inside-inner-col{flex-direction:column;}.kadence-column342_b6dada-b0 > .kt-inside-inner-col > .aligncenter{width:100%;}.kadence-column342_b6dada-b0 > .kt-inside-inner-col:before{opacity:0.3;}.kadence-column342_b6dada-b0{position:relative;}@media all and (max-width: 1024px){.kadence-column342_b6dada-b0 > .kt-inside-inner-col{flex-direction:column;justify-content:center;}}@media all and (max-width: 767px){.kadence-column342_b6dada-b0 > .kt-inside-inner-col{flex-direction:column;justify-content:center;}}<\/style>\n<div class=\"wp-block-kadence-column kadence-column342_b6dada-b0\" data-aos=\"fade-right\"><div class=\"kt-inside-inner-col\"><style>.kb-image342_efc212-c4:not(.kb-image-is-ratio-size) .kb-img, .kb-image342_efc212-c4.kb-image-is-ratio-size{padding-top:0px;}.kb-image342_efc212-c4 .kb-image-has-overlay:after{opacity:0.3;border-top-left-radius:25px;border-top-right-radius:25px;border-bottom-right-radius:25px;border-bottom-left-radius:25px;}.kb-image342_efc212-c4 img.kb-img, .kb-image342_efc212-c4 .kb-img img{border-top-left-radius:25px;border-top-right-radius:25px;border-bottom-right-radius:25px;border-bottom-left-radius:25px;}<\/style>\n<figure class=\"wp-block-kadence-image kb-image342_efc212-c4 size-full kb-image-is-ratio-size\"><div class=\"kb-is-ratio-image kb-image-ratio-land43\"><img loading=\"lazy\" decoding=\"async\" width=\"1000\" height=\"667\" src=\"https:\/\/mailexperts.de\/wp-content\/uploads\/shutterstock_447248854.jpg\" alt=\"\" class=\"kb-img wp-image-591\" srcset=\"https:\/\/mailexperts.de\/wp-content\/uploads\/shutterstock_447248854.jpg 1000w, https:\/\/mailexperts.de\/wp-content\/uploads\/shutterstock_447248854-300x200.jpg 300w, https:\/\/mailexperts.de\/wp-content\/uploads\/shutterstock_447248854-768x512.jpg 768w, https:\/\/mailexperts.de\/wp-content\/uploads\/shutterstock_447248854-18x12.jpg 18w\" sizes=\"auto, (max-width: 1000px) 100vw, 1000px\" \/><\/div><\/figure>\n<\/div><\/div>\n\n\n<style>.kadence-column342_fd8442-cc > .kt-inside-inner-col{padding-top:0px;}.kadence-column342_fd8442-cc > .kt-inside-inner-col,.kadence-column342_fd8442-cc > .kt-inside-inner-col:before{border-top-left-radius:0px;border-top-right-radius:0px;border-bottom-right-radius:0px;border-bottom-left-radius:0px;}.kadence-column342_fd8442-cc > .kt-inside-inner-col{column-gap:var(--global-kb-gap-sm, 1rem);}.kadence-column342_fd8442-cc > .kt-inside-inner-col{flex-direction:column;}.kadence-column342_fd8442-cc > .kt-inside-inner-col > .aligncenter{width:100%;}.kadence-column342_fd8442-cc > .kt-inside-inner-col:before{opacity:0.3;}.kadence-column342_fd8442-cc{position:relative;}@media all and (max-width: 1024px){.kadence-column342_fd8442-cc > .kt-inside-inner-col{flex-direction:column;justify-content:center;}}@media all and (max-width: 767px){.kadence-column342_fd8442-cc > .kt-inside-inner-col{flex-direction:column;justify-content:center;}}<\/style>\n<div class=\"wp-block-kadence-column kadence-column342_fd8442-cc\" data-aos=\"fade-left\"><div class=\"kt-inside-inner-col\"><style>.wp-block-kadence-advancedheading.kt-adv-heading342_76925d-3e, .wp-block-kadence-advancedheading.kt-adv-heading342_76925d-3e[data-kb-block=\"kb-adv-heading342_76925d-3e\"]{padding-bottom:0px;margin-bottom:var(--global-kb-spacing-xxs, 0.5rem);font-size:16px;font-weight:bold;font-style:normal;}.wp-block-kadence-advancedheading.kt-adv-heading342_76925d-3e mark.kt-highlight, .wp-block-kadence-advancedheading.kt-adv-heading342_76925d-3e[data-kb-block=\"kb-adv-heading342_76925d-3e\"] mark.kt-highlight{font-style:normal;color:#f76a0c;-webkit-box-decoration-break:clone;box-decoration-break:clone;padding-top:0px;padding-right:0px;padding-bottom:0px;padding-left:0px;}.wp-block-kadence-advancedheading.kt-adv-heading342_76925d-3e img.kb-inline-image, .wp-block-kadence-advancedheading.kt-adv-heading342_76925d-3e[data-kb-block=\"kb-adv-heading342_76925d-3e\"] img.kb-inline-image{width:150px;vertical-align:baseline;}<\/style>\n<h2 class=\"kt-adv-heading342_76925d-3e wp-block-kadence-advancedheading has-theme-palette-5-color has-text-color\" data-kb-block=\"kb-adv-heading342_76925d-3e\">Responsive Design<\/h2>\n\n\n<style>.wp-block-kadence-advancedheading.kt-adv-heading342_1b15c6-da, .wp-block-kadence-advancedheading.kt-adv-heading342_1b15c6-da[data-kb-block=\"kb-adv-heading342_1b15c6-da\"]{padding-top:0px;margin-top:0px;margin-bottom:var(--global-kb-spacing-xs, 1rem);font-size:45px;line-height:1.1;font-style:normal;letter-spacing:-1px;color:#00c389;}.wp-block-kadence-advancedheading.kt-adv-heading342_1b15c6-da mark.kt-highlight, .wp-block-kadence-advancedheading.kt-adv-heading342_1b15c6-da[data-kb-block=\"kb-adv-heading342_1b15c6-da\"] mark.kt-highlight{font-style:normal;color:#f76a0c;-webkit-box-decoration-break:clone;box-decoration-break:clone;padding-top:0px;padding-right:0px;padding-bottom:0px;padding-left:0px;}.wp-block-kadence-advancedheading.kt-adv-heading342_1b15c6-da img.kb-inline-image, .wp-block-kadence-advancedheading.kt-adv-heading342_1b15c6-da[data-kb-block=\"kb-adv-heading342_1b15c6-da\"] img.kb-inline-image{width:150px;vertical-align:baseline;}@media all and (max-width: 1024px){.wp-block-kadence-advancedheading.kt-adv-heading342_1b15c6-da, .wp-block-kadence-advancedheading.kt-adv-heading342_1b15c6-da[data-kb-block=\"kb-adv-heading342_1b15c6-da\"]{font-size:32px;}}@media all and (max-width: 767px){.wp-block-kadence-advancedheading.kt-adv-heading342_1b15c6-da, .wp-block-kadence-advancedheading.kt-adv-heading342_1b15c6-da[data-kb-block=\"kb-adv-heading342_1b15c6-da\"]{font-size:30px;}}<\/style>\n<h2 class=\"kt-adv-heading342_1b15c6-da wp-block-kadence-advancedheading\" data-kb-block=\"kb-adv-heading342_1b15c6-da\">Maximale Reichweite durch responsive Design<\/h2>\n\n\n<style>.wp-block-kadence-spacer.kt-block-spacer-342_ec72c1-82 .kt-block-spacer{height:20px;}.wp-block-kadence-spacer.kt-block-spacer-342_ec72c1-82 .kt-divider{border-top-width:10px;border-top-color:#0d183f;width:10%;border-top-style:solid;}<\/style>\n<div class=\"wp-block-kadence-spacer aligncenter kt-block-spacer-342_ec72c1-82\"><div class=\"kt-block-spacer kt-block-spacer-halign-left\"><hr class=\"kt-divider\"\/><\/div><\/div>\n\n\n<style>.wp-block-kadence-advancedheading.kt-adv-heading342_796363-00, .wp-block-kadence-advancedheading.kt-adv-heading342_796363-00[data-kb-block=\"kb-adv-heading342_796363-00\"]{margin-top:var(--global-kb-spacing-sm, 1.5rem);font-size:18px;line-height:1.6;font-style:normal;}.wp-block-kadence-advancedheading.kt-adv-heading342_796363-00 mark.kt-highlight, .wp-block-kadence-advancedheading.kt-adv-heading342_796363-00[data-kb-block=\"kb-adv-heading342_796363-00\"] mark.kt-highlight{font-style:normal;color:#f76a0c;-webkit-box-decoration-break:clone;box-decoration-break:clone;padding-top:0px;padding-right:0px;padding-bottom:0px;padding-left:0px;}.wp-block-kadence-advancedheading.kt-adv-heading342_796363-00 img.kb-inline-image, .wp-block-kadence-advancedheading.kt-adv-heading342_796363-00[data-kb-block=\"kb-adv-heading342_796363-00\"] img.kb-inline-image{width:150px;vertical-align:baseline;}<\/style>\n<p class=\"kt-adv-heading342_796363-00 wp-block-kadence-advancedheading\" data-kb-block=\"kb-adv-heading342_796363-00\">Beim&nbsp;Responsive Design&nbsp;wird das Werbemittel und die jeweilige Landingpage f\u00fcr alle mobilen Endger\u00e4te optimal dargestellt.<\/p>\n\n\n\n<p class=\"has--font-size\">Immer mehr Nutzer rufen ihre Mails unterwegs mit dem Smartphone ab, aktuelle Statistiken sagen sogar im Schnitt sechs Mal pro Tag. Heutzutage werden mehr Newsletter-E-Mails auf den&nbsp;<strong>mobilen Endger\u00e4ten<\/strong>&nbsp;als am Desktop-Rechner ge\u00f6ffnet. Im letzten Jahr stieg die \u00d6ffnungsrate auf mobilen Ger\u00e4ten um 120 Prozent.<\/p>\n<\/div><\/div>\n\n<\/div><\/div>\n\n<style>.kb-row-layout-wrap.wp-block-kadence-rowlayout.kb-row-layout-id342_66e2b5-50{margin-bottom:0px;}.kb-row-layout-id342_66e2b5-50 > .kt-row-column-wrap{align-content:start;}:where(.kb-row-layout-id342_66e2b5-50 > .kt-row-column-wrap) > .wp-block-kadence-column{justify-content:start;}.kb-row-layout-id342_66e2b5-50 > .kt-row-column-wrap{column-gap:var(--global-kb-gap-md, 2rem);row-gap:var(--global-kb-gap-md, 2rem);max-width:var( --global-content-width, 1320px );padding-left:var(--global-content-edge-padding);padding-right:var(--global-content-edge-padding);padding-top:var(--global-kb-spacing-xxl, 5rem);padding-bottom:var(--global-kb-spacing-xxl, 5rem);grid-template-columns:minmax(0, 1fr);}.kb-row-layout-id342_66e2b5-50 > .kt-row-layout-overlay{opacity:0.30;}@media all and (max-width: 1024px){.kb-row-layout-id342_66e2b5-50 > .kt-row-column-wrap{grid-template-columns:minmax(0, 1fr);}}@media all and (max-width: 767px){.kb-row-layout-id342_66e2b5-50 > .kt-row-column-wrap{padding-top:var(--global-kb-spacing-xxl, 5rem);grid-template-columns:minmax(0, 1fr);}}<\/style><div class=\"kb-row-layout-wrap kb-row-layout-id342_66e2b5-50 alignfull has-theme-palette7-background-color kt-row-has-bg wp-block-kadence-rowlayout\"><div class=\"kt-row-column-wrap kt-has-1-columns kt-row-layout-equal kt-tab-layout-inherit kt-mobile-layout-row kt-row-valign-top kb-theme-content-width\">\n<style>.kadence-column342_8faa73-5a > .kt-inside-inner-col,.kadence-column342_8faa73-5a > .kt-inside-inner-col:before{border-top-left-radius:0px;border-top-right-radius:0px;border-bottom-right-radius:0px;border-bottom-left-radius:0px;}.kadence-column342_8faa73-5a > .kt-inside-inner-col{column-gap:var(--global-kb-gap-sm, 1rem);}.kadence-column342_8faa73-5a > .kt-inside-inner-col{flex-direction:column;}.kadence-column342_8faa73-5a > .kt-inside-inner-col > .aligncenter{width:100%;}.kadence-column342_8faa73-5a > .kt-inside-inner-col:before{opacity:0.3;}.kadence-column342_8faa73-5a{position:relative;}@media all and (max-width: 1024px){.kadence-column342_8faa73-5a > .kt-inside-inner-col{flex-direction:column;justify-content:center;}}@media all and (max-width: 767px){.kadence-column342_8faa73-5a > .kt-inside-inner-col{flex-direction:column;justify-content:center;}}<\/style>\n<div class=\"wp-block-kadence-column kadence-column342_8faa73-5a\"><div class=\"kt-inside-inner-col\"><style>.wp-block-kadence-advancedheading.kt-adv-heading342_3a9924-5c, .wp-block-kadence-advancedheading.kt-adv-heading342_3a9924-5c[data-kb-block=\"kb-adv-heading342_3a9924-5c\"]{padding-top:0px;margin-top:0px;margin-bottom:var(--global-kb-spacing-lg, 3rem);font-size:45px;line-height:1.1;font-style:normal;letter-spacing:-1px;color:#0d183f;}.wp-block-kadence-advancedheading.kt-adv-heading342_3a9924-5c mark.kt-highlight, .wp-block-kadence-advancedheading.kt-adv-heading342_3a9924-5c[data-kb-block=\"kb-adv-heading342_3a9924-5c\"] mark.kt-highlight{font-style:normal;color:#f76a0c;-webkit-box-decoration-break:clone;box-decoration-break:clone;padding-top:0px;padding-right:0px;padding-bottom:0px;padding-left:0px;}.wp-block-kadence-advancedheading.kt-adv-heading342_3a9924-5c img.kb-inline-image, .wp-block-kadence-advancedheading.kt-adv-heading342_3a9924-5c[data-kb-block=\"kb-adv-heading342_3a9924-5c\"] img.kb-inline-image{width:150px;vertical-align:baseline;}@media all and (max-width: 1024px){.wp-block-kadence-advancedheading.kt-adv-heading342_3a9924-5c, .wp-block-kadence-advancedheading.kt-adv-heading342_3a9924-5c[data-kb-block=\"kb-adv-heading342_3a9924-5c\"]{font-size:32px;}}@media all and (max-width: 767px){.wp-block-kadence-advancedheading.kt-adv-heading342_3a9924-5c, .wp-block-kadence-advancedheading.kt-adv-heading342_3a9924-5c[data-kb-block=\"kb-adv-heading342_3a9924-5c\"]{font-size:30px;}}<\/style>\n<h2 class=\"kt-adv-heading342_3a9924-5c wp-block-kadence-advancedheading\" data-kb-block=\"kb-adv-heading342_3a9924-5c\" data-aos=\"fade-up\">Viele Gr\u00fcnde also, um sich f\u00fcr einen&nbsp;<strong>responsive Newsletter<\/strong>&nbsp;zu entscheiden.<\/h2>\n\n\n<style>.wp-block-kadence-advancedheading.kt-adv-heading342_e9bfae-fe, .wp-block-kadence-advancedheading.kt-adv-heading342_e9bfae-fe[data-kb-block=\"kb-adv-heading342_e9bfae-fe\"]{font-style:normal;}.wp-block-kadence-advancedheading.kt-adv-heading342_e9bfae-fe mark.kt-highlight, .wp-block-kadence-advancedheading.kt-adv-heading342_e9bfae-fe[data-kb-block=\"kb-adv-heading342_e9bfae-fe\"] mark.kt-highlight{font-style:normal;color:#f76a0c;-webkit-box-decoration-break:clone;box-decoration-break:clone;padding-top:0px;padding-right:0px;padding-bottom:0px;padding-left:0px;}.wp-block-kadence-advancedheading.kt-adv-heading342_e9bfae-fe img.kb-inline-image, .wp-block-kadence-advancedheading.kt-adv-heading342_e9bfae-fe[data-kb-block=\"kb-adv-heading342_e9bfae-fe\"] img.kb-inline-image{width:150px;vertical-align:baseline;}<\/style>\n<p class=\"kt-adv-heading342_e9bfae-fe wp-block-kadence-advancedheading\" data-kb-block=\"kb-adv-heading342_e9bfae-fe\" data-aos=\"fade-up\">Da unsere Experten im Bereich E-Mail Marketing das volle&nbsp;Potenzial&nbsp;der Adressen nutzen, optimieren <br>wir jedes Werbemittel und gestalten es im&nbsp;<strong>responsive Design<\/strong>.&nbsp;Somit werden die Werbemittel <br>auf allen mobilen Endger\u00e4ten&nbsp;<strong>optimal<\/strong>&nbsp;dargestellt.<\/p>\n<\/div><\/div>\n\n<\/div><\/div>","protected":false},"excerpt":{"rendered":"<p>Responsive Design Maximale Reichweite durch responsive Design Beim&nbsp;Responsive Design&nbsp;wird das Werbemittel und die jeweilige Landingpage f\u00fcr alle mobilen Endger\u00e4te optimal dargestellt. Immer mehr Nutzer rufen ihre Mails unterwegs mit dem Smartphone ab, aktuelle Statistiken sagen sogar im Schnitt sechs Mal pro Tag. Heutzutage werden mehr Newsletter-E-Mails auf den&nbsp;mobilen Endger\u00e4ten&nbsp;als am Desktop-Rechner ge\u00f6ffnet. Im letzten Jahr&#8230;<\/p>","protected":false},"author":1,"featured_media":64,"parent":0,"menu_order":0,"comment_status":"closed","ping_status":"closed","template":"","meta":{"inline_featured_image":false,"_kad_blocks_custom_css":"","_kad_blocks_head_custom_js":"","_kad_blocks_body_custom_js":"","_kad_blocks_footer_custom_js":"","_kadence_starter_templates_imported_post":false,"_kad_post_transparent":"","_kad_post_title":"","_kad_post_layout":"","_kad_post_sidebar_id":"","_kad_post_content_style":"","_kad_post_vertical_padding":"top","_kad_post_feature":"","_kad_post_feature_position":"","_kad_post_header":false,"_kad_post_footer":false,"_kad_post_classname":"","footnotes":""},"class_list":["post-342","page","type-page","status-publish","has-post-thumbnail","hentry"],"yoast_head":"<!-- This site is optimized with the Yoast SEO plugin v27.5 - https:\/\/yoast.com\/product\/yoast-seo-wordpress\/ -->\n<title>Responsive Design - MAIL EXPERTS<\/title>\n<meta name=\"robots\" content=\"index, follow, max-snippet:-1, max-image-preview:large, max-video-preview:-1\" \/>\n<link rel=\"canonical\" href=\"https:\/\/mailexperts.de\/en\/responsive-design\/\" \/>\n<meta property=\"og:locale\" content=\"en_GB\" \/>\n<meta property=\"og:type\" content=\"article\" \/>\n<meta property=\"og:title\" content=\"Responsive Design - MAIL EXPERTS\" \/>\n<meta property=\"og:description\" content=\"Responsive Design Maximale Reichweite durch responsive Design Beim&nbsp;Responsive Design&nbsp;wird das Werbemittel und die jeweilige Landingpage f\u00fcr alle mobilen Endger\u00e4te optimal dargestellt. Immer mehr Nutzer rufen ihre Mails unterwegs mit dem Smartphone ab, aktuelle Statistiken sagen sogar im Schnitt sechs Mal pro Tag. Heutzutage werden mehr Newsletter-E-Mails auf den&nbsp;mobilen Endger\u00e4ten&nbsp;als am Desktop-Rechner ge\u00f6ffnet. Im letzten Jahr...\" \/>\n<meta property=\"og:url\" content=\"https:\/\/mailexperts.de\/en\/responsive-design\/\" \/>\n<meta property=\"og:site_name\" content=\"MAIL EXPERTS\" \/>\n<meta property=\"article:modified_time\" content=\"2023-11-23T09:18:58+00:00\" \/>\n<meta property=\"og:image\" content=\"https:\/\/mailexperts.de\/wp-content\/uploads\/2023\/09\/head2.jpg\" \/>\n\t<meta property=\"og:image:width\" content=\"1498\" \/>\n\t<meta property=\"og:image:height\" content=\"1000\" \/>\n\t<meta property=\"og:image:type\" content=\"image\/jpeg\" \/>\n<meta name=\"twitter:card\" content=\"summary_large_image\" \/>\n<meta name=\"twitter:label1\" content=\"Estimated reading time\" \/>\n\t<meta name=\"twitter:data1\" content=\"1 minute\" \/>\n<script type=\"application\/ld+json\" class=\"yoast-schema-graph\">{\"@context\":\"https:\\\/\\\/schema.org\",\"@graph\":[{\"@type\":\"WebPage\",\"@id\":\"https:\\\/\\\/mailexperts.de\\\/responsive-design\\\/\",\"url\":\"https:\\\/\\\/mailexperts.de\\\/responsive-design\\\/\",\"name\":\"Responsive Design - MAIL EXPERTS\",\"isPartOf\":{\"@id\":\"https:\\\/\\\/mailexperts.de\\\/#website\"},\"primaryImageOfPage\":{\"@id\":\"https:\\\/\\\/mailexperts.de\\\/responsive-design\\\/#primaryimage\"},\"image\":{\"@id\":\"https:\\\/\\\/mailexperts.de\\\/responsive-design\\\/#primaryimage\"},\"thumbnailUrl\":\"https:\\\/\\\/mailexperts.de\\\/wp-content\\\/uploads\\\/2023\\\/09\\\/head2.jpg\",\"datePublished\":\"2023-11-15T09:46:36+00:00\",\"dateModified\":\"2023-11-23T09:18:58+00:00\",\"breadcrumb\":{\"@id\":\"https:\\\/\\\/mailexperts.de\\\/responsive-design\\\/#breadcrumb\"},\"inLanguage\":\"en-GB\",\"potentialAction\":[{\"@type\":\"ReadAction\",\"target\":[\"https:\\\/\\\/mailexperts.de\\\/responsive-design\\\/\"]}]},{\"@type\":\"ImageObject\",\"inLanguage\":\"en-GB\",\"@id\":\"https:\\\/\\\/mailexperts.de\\\/responsive-design\\\/#primaryimage\",\"url\":\"https:\\\/\\\/mailexperts.de\\\/wp-content\\\/uploads\\\/2023\\\/09\\\/head2.jpg\",\"contentUrl\":\"https:\\\/\\\/mailexperts.de\\\/wp-content\\\/uploads\\\/2023\\\/09\\\/head2.jpg\",\"width\":1498,\"height\":1000},{\"@type\":\"BreadcrumbList\",\"@id\":\"https:\\\/\\\/mailexperts.de\\\/responsive-design\\\/#breadcrumb\",\"itemListElement\":[{\"@type\":\"ListItem\",\"position\":1,\"name\":\"Startseite\",\"item\":\"https:\\\/\\\/mailexperts.de\\\/\"},{\"@type\":\"ListItem\",\"position\":2,\"name\":\"Responsive Design\"}]},{\"@type\":\"WebSite\",\"@id\":\"https:\\\/\\\/mailexperts.de\\\/#website\",\"url\":\"https:\\\/\\\/mailexperts.de\\\/\",\"name\":\"MAIL EXPERTS\",\"description\":\"\",\"publisher\":{\"@id\":\"https:\\\/\\\/mailexperts.de\\\/#organization\"},\"potentialAction\":[{\"@type\":\"SearchAction\",\"target\":{\"@type\":\"EntryPoint\",\"urlTemplate\":\"https:\\\/\\\/mailexperts.de\\\/?s={search_term_string}\"},\"query-input\":{\"@type\":\"PropertyValueSpecification\",\"valueRequired\":true,\"valueName\":\"search_term_string\"}}],\"inLanguage\":\"en-GB\"},{\"@type\":\"Organization\",\"@id\":\"https:\\\/\\\/mailexperts.de\\\/#organization\",\"name\":\"MAIL EXPERTS\",\"url\":\"https:\\\/\\\/mailexperts.de\\\/\",\"logo\":{\"@type\":\"ImageObject\",\"inLanguage\":\"en-GB\",\"@id\":\"https:\\\/\\\/mailexperts.de\\\/#\\\/schema\\\/logo\\\/image\\\/\",\"url\":\"https:\\\/\\\/mailexperts.de\\\/wp-content\\\/uploads\\\/logo2_g.svg\",\"contentUrl\":\"https:\\\/\\\/mailexperts.de\\\/wp-content\\\/uploads\\\/logo2_g.svg\",\"width\":564,\"height\":437,\"caption\":\"MAIL EXPERTS\"},\"image\":{\"@id\":\"https:\\\/\\\/mailexperts.de\\\/#\\\/schema\\\/logo\\\/image\\\/\"}}]}<\/script>\n<!-- \/ Yoast SEO plugin. -->","yoast_head_json":{"title":"Responsive Design - MAIL EXPERTS","robots":{"index":"index","follow":"follow","max-snippet":"max-snippet:-1","max-image-preview":"max-image-preview:large","max-video-preview":"max-video-preview:-1"},"canonical":"https:\/\/mailexperts.de\/en\/responsive-design\/","og_locale":"en_GB","og_type":"article","og_title":"Responsive Design - MAIL EXPERTS","og_description":"Responsive Design Maximale Reichweite durch responsive Design Beim&nbsp;Responsive Design&nbsp;wird das Werbemittel und die jeweilige Landingpage f\u00fcr alle mobilen Endger\u00e4te optimal dargestellt. Immer mehr Nutzer rufen ihre Mails unterwegs mit dem Smartphone ab, aktuelle Statistiken sagen sogar im Schnitt sechs Mal pro Tag. Heutzutage werden mehr Newsletter-E-Mails auf den&nbsp;mobilen Endger\u00e4ten&nbsp;als am Desktop-Rechner ge\u00f6ffnet. Im letzten Jahr...","og_url":"https:\/\/mailexperts.de\/en\/responsive-design\/","og_site_name":"MAIL EXPERTS","article_modified_time":"2023-11-23T09:18:58+00:00","og_image":[{"width":1498,"height":1000,"url":"https:\/\/mailexperts.de\/wp-content\/uploads\/2023\/09\/head2.jpg","type":"image\/jpeg"}],"twitter_card":"summary_large_image","twitter_misc":{"Estimated reading time":"1 minute"},"schema":{"@context":"https:\/\/schema.org","@graph":[{"@type":"WebPage","@id":"https:\/\/mailexperts.de\/responsive-design\/","url":"https:\/\/mailexperts.de\/responsive-design\/","name":"Responsive Design - MAIL EXPERTS","isPartOf":{"@id":"https:\/\/mailexperts.de\/#website"},"primaryImageOfPage":{"@id":"https:\/\/mailexperts.de\/responsive-design\/#primaryimage"},"image":{"@id":"https:\/\/mailexperts.de\/responsive-design\/#primaryimage"},"thumbnailUrl":"https:\/\/mailexperts.de\/wp-content\/uploads\/2023\/09\/head2.jpg","datePublished":"2023-11-15T09:46:36+00:00","dateModified":"2023-11-23T09:18:58+00:00","breadcrumb":{"@id":"https:\/\/mailexperts.de\/responsive-design\/#breadcrumb"},"inLanguage":"en-GB","potentialAction":[{"@type":"ReadAction","target":["https:\/\/mailexperts.de\/responsive-design\/"]}]},{"@type":"ImageObject","inLanguage":"en-GB","@id":"https:\/\/mailexperts.de\/responsive-design\/#primaryimage","url":"https:\/\/mailexperts.de\/wp-content\/uploads\/2023\/09\/head2.jpg","contentUrl":"https:\/\/mailexperts.de\/wp-content\/uploads\/2023\/09\/head2.jpg","width":1498,"height":1000},{"@type":"BreadcrumbList","@id":"https:\/\/mailexperts.de\/responsive-design\/#breadcrumb","itemListElement":[{"@type":"ListItem","position":1,"name":"Startseite","item":"https:\/\/mailexperts.de\/"},{"@type":"ListItem","position":2,"name":"Responsive Design"}]},{"@type":"WebSite","@id":"https:\/\/mailexperts.de\/#website","url":"https:\/\/mailexperts.de\/","name":"MAIL EXPERTS","description":"","publisher":{"@id":"https:\/\/mailexperts.de\/#organization"},"potentialAction":[{"@type":"SearchAction","target":{"@type":"EntryPoint","urlTemplate":"https:\/\/mailexperts.de\/?s={search_term_string}"},"query-input":{"@type":"PropertyValueSpecification","valueRequired":true,"valueName":"search_term_string"}}],"inLanguage":"en-GB"},{"@type":"Organization","@id":"https:\/\/mailexperts.de\/#organization","name":"MAIL EXPERTS","url":"https:\/\/mailexperts.de\/","logo":{"@type":"ImageObject","inLanguage":"en-GB","@id":"https:\/\/mailexperts.de\/#\/schema\/logo\/image\/","url":"https:\/\/mailexperts.de\/wp-content\/uploads\/logo2_g.svg","contentUrl":"https:\/\/mailexperts.de\/wp-content\/uploads\/logo2_g.svg","width":564,"height":437,"caption":"MAIL EXPERTS"},"image":{"@id":"https:\/\/mailexperts.de\/#\/schema\/logo\/image\/"}}]}},"taxonomy_info":[],"featured_image_src_large":["https:\/\/mailexperts.de\/wp-content\/uploads\/2023\/09\/head2-1024x684.jpg",1024,684,true],"author_info":{"display_name":"admin_bigus","author_link":"https:\/\/mailexperts.de\/en\/author\/admin_bigus\/"},"comment_info":0,"_links":{"self":[{"href":"https:\/\/mailexperts.de\/en\/wp-json\/wp\/v2\/pages\/342","targetHints":{"allow":["GET"]}}],"collection":[{"href":"https:\/\/mailexperts.de\/en\/wp-json\/wp\/v2\/pages"}],"about":[{"href":"https:\/\/mailexperts.de\/en\/wp-json\/wp\/v2\/types\/page"}],"author":[{"embeddable":true,"href":"https:\/\/mailexperts.de\/en\/wp-json\/wp\/v2\/users\/1"}],"replies":[{"embeddable":true,"href":"https:\/\/mailexperts.de\/en\/wp-json\/wp\/v2\/comments?post=342"}],"version-history":[{"count":17,"href":"https:\/\/mailexperts.de\/en\/wp-json\/wp\/v2\/pages\/342\/revisions"}],"predecessor-version":[{"id":696,"href":"https:\/\/mailexperts.de\/en\/wp-json\/wp\/v2\/pages\/342\/revisions\/696"}],"wp:featuredmedia":[{"embeddable":true,"href":"https:\/\/mailexperts.de\/en\/wp-json\/wp\/v2\/media\/64"}],"wp:attachment":[{"href":"https:\/\/mailexperts.de\/en\/wp-json\/wp\/v2\/media?parent=342"}],"curies":[{"name":"wp","href":"https:\/\/api.w.org\/{rel}","templated":true}]}}