{"id":294,"date":"2023-11-15T09:30:21","date_gmt":"2023-11-15T08:30:21","guid":{"rendered":"https:\/\/mailexperts.de\/?page_id=294"},"modified":"2024-06-25T12:47:11","modified_gmt":"2024-06-25T10:47:11","slug":"impressum","status":"publish","type":"page","link":"https:\/\/mailexperts.de\/en\/impressum\/","title":{"rendered":"imprint"},"content":{"rendered":"<h1 class=\"wp-block-heading has-text-color has-link-color wp-elements-7ce33720c785eb95eee2f7afd2ddc8a1\" style=\"color:#00c389\">imprint<\/h1>\n\n\n\n<p>Angaben gem\u00e4\u00df \u00a7 5 TMG:<\/p>\n\n\n\n<p><strong>mailexperts.de<\/strong> ist ein Angebot der<br><br>Media Beats GmbH<br>N\u00f6rdliche M\u00fcnchner Str. 9 c,<br>82031 Gr\u00fcnwald<\/p>\n\n\n\n<p>Tel.: +49 89 244 182 340<br>Email: info@mailexperts.de<\/p>\n\n\n\n<p><strong>Gesch\u00e4ftsf\u00fchrer:<\/strong>&nbsp;S. Mutlu<\/p>\n\n\n\n<p>Registergericht: M\u00fcnchen<br>Handelsregister: HRB 251020<br>Umsatzsteuer-ID: DE326 162 443<\/p>\n\n\n\n<p><strong>Bildnachweise<\/strong><\/p>\n\n\n\n<figure class=\"wp-block-table is-style-stripes\"><table><tbody><tr><td><strong>Stock-Foto ID<\/strong><\/td><td><strong>Quelle<\/strong><\/td><\/tr><tr><td>2128757645<\/td><td>PeopleImages.com &#8211; Yuri A \/ Shutterstock.com<\/td><\/tr><tr><td>1715370262<\/td><td>oatawa \/ Shutterstock.com<\/td><\/tr><tr><td>200919743<\/td><td>ESB Professional \/ Shutterstock.com<\/td><\/tr><tr><td>2111719991<\/td><td>NDAB Creativity \/ Shutterstock.com<\/td><\/tr><tr><td>2167548323<\/td><td>Easy Logo \/ Shutterstock.com<\/td><\/tr><\/tbody><\/table><\/figure>\n\n\n\n<p><strong>Haftungsausschluss (Disclaimer)<br><\/strong>Als Diensteanbieter sind wir gem\u00e4\u00df \u00a7 7 Abs.1 TMG f\u00fcr eigene Inhalte auf diesen Seiten nach den allgemeinen Gesetzen verantwortlich. Nach \u00a7\u00a7 8 bis 10 TMG sind wir als Diensteanbieter jedoch nicht verpflichtet, \u00fcbermittelte oder gespeicherte fremde Informationen zu \u00fcberwachen oder nach Umst\u00e4nden zu forschen, die auf eine rechtswidrige T\u00e4tigkeit hinweisen. Verpflichtungen zur Entfernung oder Sperrung der Nutzung von Informationen nach den allgemeinen Gesetzen bleiben hiervon unber\u00fchrt. Eine diesbez\u00fcgliche Haftung ist jedoch erst ab dem Zeitpunkt der Kenntnis einer konkreten Rechtsverletzung m\u00f6glich. Bei Bekanntwerden von entsprechenden Rechtsverletzungen werden wir diese Inhalte umgehend entfernen.<\/p>\n\n\n\n<p>Haftung f\u00fcr Links<\/p>\n\n\n\n<p>Unser Angebot enth\u00e4lt Links zu externen Webseiten Dritter, auf deren Inhalte wir keinen Einfluss haben. Deshalb k\u00f6nnen wir f\u00fcr diese fremden Inhalte auch keine Gew\u00e4hr \u00fcbernehmen. F\u00fcr die Inhalte der verlinkten Seiten ist stets der jeweilige Anbieter oder Betreiber der Seiten verantwortlich. Die verlinkten Seiten wurden zum Zeitpunkt der Verlinkung auf m\u00f6gliche Rechtsverst\u00f6\u00dfe \u00fcberpr\u00fcft. Rechtswidrige Inhalte waren zum Zeitpunkt der Verlinkung nicht erkennbar. Eine permanente inhaltliche Kontrolle der verlinkten Seiten ist jedoch ohne konkrete Anhaltspunkte einer Rechtsverletzung nicht zumutbar. Bei Bekanntwerden von Rechtsverletzungen werden wir derartige Links umgehend entfernen.<\/p>\n\n\n\n<p>Urheberrecht<\/p>\n\n\n\n<p>Die durch die Seitenbetreiber erstellten Inhalte und Werke auf diesen Seiten unterliegen dem deutschen Urheberrecht. Die Vervielf\u00e4ltigung, Bearbeitung, Verbreitung und jede Art der Verwertung au\u00dferhalb der Grenzen des Urheberrechtes bed\u00fcrfen der schriftlichen Zustimmung des jeweiligen Autors bzw. Erstellers. Downloads und Kopien dieser Seite sind nur f\u00fcr den privaten, nicht kommerziellen Gebrauch gestattet. Soweit die Inhalte auf dieser Seite nicht vom Betreiber erstellt wurden, werden die Urheberrechte Dritter beachtet. Insbesondere werden Inhalte Dritter als solche gekennzeichnet. Sollten Sie trotzdem auf eine Urheberrechtsverletzung aufmerksam werden, bitten wir um einen entsprechenden Hinweis. Bei Bekanntwerden von Rechtsverletzungen werden wir derartige Inhalte umgehend entfernen.<\/p>","protected":false},"excerpt":{"rendered":"<p>Impressum Angaben gem\u00e4\u00df \u00a7 5 TMG: mailexperts.de ist ein Angebot der Media Beats GmbHN\u00f6rdliche M\u00fcnchner Str. 9 c,82031 Gr\u00fcnwald Tel.: +49 89 244 182 340Email: info@mailexperts.de Gesch\u00e4ftsf\u00fchrer:&nbsp;S. Mutlu Registergericht: M\u00fcnchenHandelsregister: HRB 251020Umsatzsteuer-ID: DE326 162 443 Bildnachweise Stock-Foto ID Quelle 2128757645 PeopleImages.com &#8211; Yuri A \/ Shutterstock.com 1715370262 oatawa \/ Shutterstock.com 200919743 ESB Professional \/ Shutterstock.com&#8230;<\/p>","protected":false},"author":1,"featured_media":0,"parent":0,"menu_order":0,"comment_status":"closed","ping_status":"closed","template":"","meta":{"inline_featured_image":false,"_kad_blocks_custom_css":"","_kad_blocks_head_custom_js":"","_kad_blocks_body_custom_js":"","_kad_blocks_footer_custom_js":"","_kadence_starter_templates_imported_post":false,"_kad_post_transparent":"","_kad_post_title":"","_kad_post_layout":"","_kad_post_sidebar_id":"","_kad_post_content_style":"","_kad_post_vertical_padding":"","_kad_post_feature":"","_kad_post_feature_position":"","_kad_post_header":false,"_kad_post_footer":false,"_kad_post_classname":"","footnotes":""},"class_list":["post-294","page","type-page","status-publish","hentry"],"yoast_head":"<!-- This site is optimized with the Yoast SEO plugin v27.6 - https:\/\/yoast.com\/product\/yoast-seo-wordpress\/ -->\n<title>Impressum - MAIL EXPERTS<\/title>\n<meta name=\"robots\" content=\"index, follow, max-snippet:-1, max-image-preview:large, max-video-preview:-1\" \/>\n<link rel=\"canonical\" href=\"https:\/\/mailexperts.de\/en\/impressum\/\" \/>\n<meta property=\"og:locale\" content=\"en_GB\" \/>\n<meta property=\"og:type\" content=\"article\" \/>\n<meta property=\"og:title\" content=\"Impressum - MAIL EXPERTS\" \/>\n<meta property=\"og:description\" content=\"Impressum Angaben gem\u00e4\u00df \u00a7 5 TMG: mailexperts.de ist ein Angebot der Media Beats GmbHN\u00f6rdliche M\u00fcnchner Str. 9 c,82031 Gr\u00fcnwald Tel.: +49 89 244 182 340Email: info@mailexperts.de Gesch\u00e4ftsf\u00fchrer:&nbsp;S. Mutlu Registergericht: M\u00fcnchenHandelsregister: HRB 251020Umsatzsteuer-ID: DE326 162 443 Bildnachweise Stock-Foto ID Quelle 2128757645 PeopleImages.com &#8211; Yuri A \/ Shutterstock.com 1715370262 oatawa \/ Shutterstock.com 200919743 ESB Professional \/ Shutterstock.com...\" \/>\n<meta property=\"og:url\" content=\"https:\/\/mailexperts.de\/en\/impressum\/\" \/>\n<meta property=\"og:site_name\" content=\"MAIL EXPERTS\" \/>\n<meta property=\"article:modified_time\" content=\"2024-06-25T10:47:11+00:00\" \/>\n<meta name=\"twitter:card\" content=\"summary_large_image\" \/>\n<script type=\"application\/ld+json\" class=\"yoast-schema-graph\">{\"@context\":\"https:\\\/\\\/schema.org\",\"@graph\":[{\"@type\":\"WebPage\",\"@id\":\"https:\\\/\\\/mailexperts.de\\\/impressum\\\/\",\"url\":\"https:\\\/\\\/mailexperts.de\\\/impressum\\\/\",\"name\":\"Impressum - MAIL EXPERTS\",\"isPartOf\":{\"@id\":\"https:\\\/\\\/mailexperts.de\\\/#website\"},\"datePublished\":\"2023-11-15T08:30:21+00:00\",\"dateModified\":\"2024-06-25T10:47:11+00:00\",\"breadcrumb\":{\"@id\":\"https:\\\/\\\/mailexperts.de\\\/impressum\\\/#breadcrumb\"},\"inLanguage\":\"en-GB\",\"potentialAction\":[{\"@type\":\"ReadAction\",\"target\":[\"https:\\\/\\\/mailexperts.de\\\/impressum\\\/\"]}]},{\"@type\":\"BreadcrumbList\",\"@id\":\"https:\\\/\\\/mailexperts.de\\\/impressum\\\/#breadcrumb\",\"itemListElement\":[{\"@type\":\"ListItem\",\"position\":1,\"name\":\"Startseite\",\"item\":\"https:\\\/\\\/mailexperts.de\\\/\"},{\"@type\":\"ListItem\",\"position\":2,\"name\":\"Impressum\"}]},{\"@type\":\"WebSite\",\"@id\":\"https:\\\/\\\/mailexperts.de\\\/#website\",\"url\":\"https:\\\/\\\/mailexperts.de\\\/\",\"name\":\"MAIL EXPERTS\",\"description\":\"\",\"publisher\":{\"@id\":\"https:\\\/\\\/mailexperts.de\\\/#organization\"},\"potentialAction\":[{\"@type\":\"SearchAction\",\"target\":{\"@type\":\"EntryPoint\",\"urlTemplate\":\"https:\\\/\\\/mailexperts.de\\\/?s={search_term_string}\"},\"query-input\":{\"@type\":\"PropertyValueSpecification\",\"valueRequired\":true,\"valueName\":\"search_term_string\"}}],\"inLanguage\":\"en-GB\"},{\"@type\":\"Organization\",\"@id\":\"https:\\\/\\\/mailexperts.de\\\/#organization\",\"name\":\"MAIL EXPERTS\",\"url\":\"https:\\\/\\\/mailexperts.de\\\/\",\"logo\":{\"@type\":\"ImageObject\",\"inLanguage\":\"en-GB\",\"@id\":\"https:\\\/\\\/mailexperts.de\\\/#\\\/schema\\\/logo\\\/image\\\/\",\"url\":\"https:\\\/\\\/mailexperts.de\\\/wp-content\\\/uploads\\\/logo2_g.svg\",\"contentUrl\":\"https:\\\/\\\/mailexperts.de\\\/wp-content\\\/uploads\\\/logo2_g.svg\",\"width\":564,\"height\":437,\"caption\":\"MAIL EXPERTS\"},\"image\":{\"@id\":\"https:\\\/\\\/mailexperts.de\\\/#\\\/schema\\\/logo\\\/image\\\/\"}}]}<\/script>\n<!-- \/ Yoast SEO plugin. -->","yoast_head_json":{"title":"Impressum - MAIL EXPERTS","robots":{"index":"index","follow":"follow","max-snippet":"max-snippet:-1","max-image-preview":"max-image-preview:large","max-video-preview":"max-video-preview:-1"},"canonical":"https:\/\/mailexperts.de\/en\/impressum\/","og_locale":"en_GB","og_type":"article","og_title":"Impressum - MAIL EXPERTS","og_description":"Impressum Angaben gem\u00e4\u00df \u00a7 5 TMG: mailexperts.de ist ein Angebot der Media Beats GmbHN\u00f6rdliche M\u00fcnchner Str. 9 c,82031 Gr\u00fcnwald Tel.: +49 89 244 182 340Email: info@mailexperts.de Gesch\u00e4ftsf\u00fchrer:&nbsp;S. Mutlu Registergericht: M\u00fcnchenHandelsregister: HRB 251020Umsatzsteuer-ID: DE326 162 443 Bildnachweise Stock-Foto ID Quelle 2128757645 PeopleImages.com &#8211; Yuri A \/ Shutterstock.com 1715370262 oatawa \/ Shutterstock.com 200919743 ESB Professional \/ Shutterstock.com...","og_url":"https:\/\/mailexperts.de\/en\/impressum\/","og_site_name":"MAIL EXPERTS","article_modified_time":"2024-06-25T10:47:11+00:00","twitter_card":"summary_large_image","schema":{"@context":"https:\/\/schema.org","@graph":[{"@type":"WebPage","@id":"https:\/\/mailexperts.de\/impressum\/","url":"https:\/\/mailexperts.de\/impressum\/","name":"Impressum - MAIL EXPERTS","isPartOf":{"@id":"https:\/\/mailexperts.de\/#website"},"datePublished":"2023-11-15T08:30:21+00:00","dateModified":"2024-06-25T10:47:11+00:00","breadcrumb":{"@id":"https:\/\/mailexperts.de\/impressum\/#breadcrumb"},"inLanguage":"en-GB","potentialAction":[{"@type":"ReadAction","target":["https:\/\/mailexperts.de\/impressum\/"]}]},{"@type":"BreadcrumbList","@id":"https:\/\/mailexperts.de\/impressum\/#breadcrumb","itemListElement":[{"@type":"ListItem","position":1,"name":"Startseite","item":"https:\/\/mailexperts.de\/"},{"@type":"ListItem","position":2,"name":"Impressum"}]},{"@type":"WebSite","@id":"https:\/\/mailexperts.de\/#website","url":"https:\/\/mailexperts.de\/","name":"MAIL EXPERTS","description":"","publisher":{"@id":"https:\/\/mailexperts.de\/#organization"},"potentialAction":[{"@type":"SearchAction","target":{"@type":"EntryPoint","urlTemplate":"https:\/\/mailexperts.de\/?s={search_term_string}"},"query-input":{"@type":"PropertyValueSpecification","valueRequired":true,"valueName":"search_term_string"}}],"inLanguage":"en-GB"},{"@type":"Organization","@id":"https:\/\/mailexperts.de\/#organization","name":"MAIL EXPERTS","url":"https:\/\/mailexperts.de\/","logo":{"@type":"ImageObject","inLanguage":"en-GB","@id":"https:\/\/mailexperts.de\/#\/schema\/logo\/image\/","url":"https:\/\/mailexperts.de\/wp-content\/uploads\/logo2_g.svg","contentUrl":"https:\/\/mailexperts.de\/wp-content\/uploads\/logo2_g.svg","width":564,"height":437,"caption":"MAIL EXPERTS"},"image":{"@id":"https:\/\/mailexperts.de\/#\/schema\/logo\/image\/"}}]}},"taxonomy_info":[],"featured_image_src_large":false,"author_info":{"display_name":"admin_bigus","author_link":"https:\/\/mailexperts.de\/en\/author\/admin_bigus\/"},"comment_info":0,"_links":{"self":[{"href":"https:\/\/mailexperts.de\/en\/wp-json\/wp\/v2\/pages\/294","targetHints":{"allow":["GET"]}}],"collection":[{"href":"https:\/\/mailexperts.de\/en\/wp-json\/wp\/v2\/pages"}],"about":[{"href":"https:\/\/mailexperts.de\/en\/wp-json\/wp\/v2\/types\/page"}],"author":[{"embeddable":true,"href":"https:\/\/mailexperts.de\/en\/wp-json\/wp\/v2\/users\/1"}],"replies":[{"embeddable":true,"href":"https:\/\/mailexperts.de\/en\/wp-json\/wp\/v2\/comments?post=294"}],"version-history":[{"count":11,"href":"https:\/\/mailexperts.de\/en\/wp-json\/wp\/v2\/pages\/294\/revisions"}],"predecessor-version":[{"id":736,"href":"https:\/\/mailexperts.de\/en\/wp-json\/wp\/v2\/pages\/294\/revisions\/736"}],"wp:attachment":[{"href":"https:\/\/mailexperts.de\/en\/wp-json\/wp\/v2\/media?parent=294"}],"curies":[{"name":"wp","href":"https:\/\/api.w.org\/{rel}","templated":true}]}}